{"id":694,"date":"2021-10-20T13:37:55","date_gmt":"2021-10-20T13:37:55","guid":{"rendered":"https:\/\/ofado.site.loudzap.com\/antonio-laranja\/"},"modified":"2021-10-20T13:37:55","modified_gmt":"2021-10-20T13:37:55","slug":"antonio-laranja","status":"publish","type":"page","link":"https:\/\/ofado.com\/en\/antonio-laranja\/","title":{"rendered":"Ant\u00f3nio Laranja"},"content":{"rendered":"\t\t<div data-elementor-type=\"wp-page\" data-elementor-id=\"694\" class=\"elementor elementor-694 elementor-185\" data-elementor-post-type=\"page\">\n\t\t\t\t\t\t<section class=\"elementor-section elementor-top-section elementor-element elementor-element-35b0cf4a elementor-section-boxed elementor-section-height-default elementor-section-height-default\" data-id=\"35b0cf4a\" data-element_type=\"section\" data-e-type=\"section\">\n\t\t\t\t\t\t<div class=\"elementor-container elementor-column-gap-no\">\n\t\t\t\t\t<div class=\"elementor-column elementor-col-50 elementor-top-column elementor-element elementor-element-7105be93\" data-id=\"7105be93\" data-element_type=\"column\" data-e-type=\"column\">\n\t\t\t<div class=\"elementor-widget-wrap elementor-element-populated\">\n\t\t\t\t\t\t<div class=\"elementor-element elementor-element-184cb6a1 elementor-widget elementor-widget-heading\" data-id=\"184cb6a1\" data-element_type=\"widget\" data-e-type=\"widget\" data-widget_type=\"heading.default\">\n\t\t\t\t<div class=\"elementor-widget-container\">\n\t\t\t\t\t<h1 class=\"elementor-heading-title elementor-size-default\">Ant\u00f3nio Laranjeira<\/h1>\t\t\t\t<\/div>\n\t\t\t\t<\/div>\n\t\t\t\t<div class=\"elementor-element elementor-element-3d5c84a4 elementor-widget elementor-widget-text-editor\" data-id=\"3d5c84a4\" data-element_type=\"widget\" data-e-type=\"widget\" data-widget_type=\"text-editor.default\">\n\t\t\t\t<div class=\"elementor-widget-container\">\n\t\t\t\t\t\t\t\t\t<p>Ant\u00f3nio Laranjeira has distinguished himself as a character strongly related to poetry having written in more recent times for several Fado singers. Ana Moura presented Ant\u00f3nio Laranjeira\u2019s poetry to the world with the poem \u201cVenho falar dos meus medos\u201d (\u201cI have come to speak of my fears\u201d) accompanied by the music of the Fado Ac\u00e1cio (traditional) with production and arrangements of Jorge Fernando.<\/p>\n<p>In the Theater, invited by Filipe L\u00e1 F\u00e9ria, his effective and sometimes even astounding performance rendered a very positive image of him in the Musical Am\u00e1lia, performing both on important stages in Europe as well as in Portugal in the Coliseu dos Recreios and Teatro S\u00e3o Lu\u00eds, among others.<\/p>\n<p>Nevertheless, it is as a Fado singer that Ant\u00f3nio Laranjeira has contributed for his revelation as well as constant assertion. The most famous Fado houses such as Marqu\u00eas da S\u00e9 and Senhor Vinho in Lisbon have surrendered themselves to the voice and presence of Ant\u00f3nio Laranjeira. However, the frequent meeting point between the poetry and the Fado singer\u2019s voice is now in the Restaurant O Fado in the city of Oporto.<\/p>\n<p>LUZ \u2013 is the title of his new record, inspired on a poetic as well as musical voyage that goes through the Country accompanied by the enormous poets and musicians that are a part of the 15 Fados of this edition. Vasco Gra\u00e7a Moura, Am\u00e1lia Rodrigues, Marla Amastor, Fernando Campos Castro and the Fado singer himself sign and stand out on the poems masterfully combined with music by Andr\u00e9 Teixeira, Manuel Reis, Susana Castro Santos, Manuel Mendes, Raul Ferr\u00e3o, Jos\u00e9 Ant\u00f3nio Sabrosa Alfredo Marceneiro and Rog\u00e9rio Ferreira, whom also musically directed and produced this amazing work.<\/p>\n<p>In this new album, Pedro Barroso shares with Ant\u00f3nio Laranjeira a musical theme belonging to his vast and incomparable musical work, surprisingly adapted to Fado, where he lends his voice transforming \u201cPorto Antigo\u201d in one of the most impressive musical moments. The strength and beauty of this record are a result of the purest and most reciprocal sensitivity and commitment of all the intervenient parties, above all, out of their love for Fado.<\/p>\n<p>Some of these as well as other Fados of nowadays and others of times past, played with mastery and sung with the emotion of one who feels and loves Fado, may be listened to every night in the Restaurant \u201cO Fado\u201d, the quintessential Fado house of the city of Oporto where Ant\u00f3nio Laranjeira sings his Fado.<\/p>\n\t\t\t\t\t\t\t\t<\/div>\n\t\t\t\t<\/div>\n\t\t\t\t\t<\/div>\n\t\t<\/div>\n\t\t\t\t<div class=\"elementor-column elementor-col-50 elementor-top-column elementor-element elementor-element-741100c8\" data-id=\"741100c8\" data-element_type=\"column\" data-e-type=\"column\">\n\t\t\t<div class=\"elementor-widget-wrap elementor-element-populated\">\n\t\t\t\t\t\t<div class=\"elementor-element elementor-element-484ac142 elementor-widget elementor-widget-image\" data-id=\"484ac142\" data-element_type=\"widget\" data-e-type=\"widget\" data-widget_type=\"image.default\">\n\t\t\t\t<div class=\"elementor-widget-container\">\n\t\t\t\t\t\t\t\t\t\t\t\t\t\t\t<img fetchpriority=\"high\" decoding=\"async\" width=\"640\" height=\"634\" src=\"https:\/\/ofado.com\/wp-content\/uploads\/2021\/10\/Anto\u0301nio-Laranjeira-foto-capa-cd.jpg\" class=\"attachment-large size-large wp-image-653\" alt=\"Anto\u0301nio Laranjeira\" srcset=\"https:\/\/ofado.com\/wp-content\/uploads\/2021\/10\/Anto\u0301nio-Laranjeira-foto-capa-cd.jpg 640w, https:\/\/ofado.com\/wp-content\/uploads\/2021\/10\/Anto\u0301nio-Laranjeira-foto-capa-cd-300x297.jpg 300w, https:\/\/ofado.com\/wp-content\/uploads\/2021\/10\/Anto\u0301nio-Laranjeira-foto-capa-cd-150x150.jpg 150w\" sizes=\"(max-width: 640px) 100vw, 640px\" \/>\t\t\t\t\t\t\t\t\t\t\t\t\t\t\t<\/div>\n\t\t\t\t<\/div>\n\t\t\t\t<div class=\"elementor-element elementor-element-1d871bc elementor-shape-circle e-grid-align-left elementor-grid-0 elementor-widget elementor-widget-social-icons\" data-id=\"1d871bc\" data-element_type=\"widget\" data-e-type=\"widget\" data-widget_type=\"social-icons.default\">\n\t\t\t\t<div class=\"elementor-widget-container\">\n\t\t\t\t\t\t\t<div class=\"elementor-social-icons-wrapper elementor-grid\" role=\"list\">\n\t\t\t\t\t\t\t<span class=\"elementor-grid-item\" role=\"listitem\">\n\t\t\t\t\t<a class=\"elementor-icon elementor-social-icon elementor-social-icon-facebook elementor-repeater-item-3e6e17f\" href=\"https:\/\/www.facebook.com\/AntonioLaranjeiraFado\/?fref=ts\" target=\"_blank\">\n\t\t\t\t\t\t<span class=\"elementor-screen-only\">Facebook<\/span>\n\t\t\t\t\t\t<i aria-hidden=\"true\" class=\"fab fa-facebook\"><\/i>\t\t\t\t\t<\/a>\n\t\t\t\t<\/span>\n\t\t\t\t\t\t\t<span class=\"elementor-grid-item\" role=\"listitem\">\n\t\t\t\t\t<a class=\"elementor-icon elementor-social-icon elementor-social-icon-youtube elementor-repeater-item-7b67c8d\" href=\"https:\/\/www.youtube.com\/channel\/UCHfU3L7Jt1bY5TTcit6Z7Bg\" target=\"_blank\">\n\t\t\t\t\t\t<span class=\"elementor-screen-only\">Youtube<\/span>\n\t\t\t\t\t\t<i aria-hidden=\"true\" class=\"fab fa-youtube\"><\/i>\t\t\t\t\t<\/a>\n\t\t\t\t<\/span>\n\t\t\t\t\t<\/div>\n\t\t\t\t\t\t<\/div>\n\t\t\t\t<\/div>\n\t\t\t\t\t<\/div>\n\t\t<\/div>\n\t\t\t\t\t<\/div>\n\t\t<\/section>\n\t\t\t\t<\/div>\n\t\t","protected":false},"excerpt":{"rendered":"<p>Ant\u00f3nio Laranjeira Ant\u00f3nio Laranjeira has distinguished himself as a character strongly related to poetry having written in more recent times for several Fado singers. Ana Moura presented Ant\u00f3nio Laranjeira\u2019s poetry to the world with the poem \u201cVenho falar dos meus medos\u201d (\u201cI have come to speak of my fears\u201d) accompanied by the music of the [&hellip;]<\/p>\n","protected":false},"author":1,"featured_media":0,"parent":0,"menu_order":0,"comment_status":"closed","ping_status":"closed","template":"","meta":{"_seopress_robots_primary_cat":"","_seopress_titles_title":"","_seopress_titles_desc":"","_seopress_robots_index":"","site-sidebar-layout":"no-sidebar","site-content-layout":"page-builder","ast-site-content-layout":"default","site-content-style":"default","site-sidebar-style":"default","ast-global-header-display":"","ast-banner-title-visibility":"","ast-main-header-display":"","ast-hfb-above-header-display":"","ast-hfb-below-header-display":"","ast-hfb-mobile-header-display":"","site-post-title":"disabled","ast-breadcrumbs-content":"","ast-featured-img":"disabled","footer-sml-layout":"","ast-disable-related-posts":"","theme-transparent-header-meta":"default","adv-header-id-meta":"","stick-header-meta":"","header-above-stick-meta":"","header-main-stick-meta":"","header-below-stick-meta":"","astra-migrate-meta-layouts":"default","ast-page-background-enabled":"default","ast-page-background-meta":{"desktop":{"background-color":"","background-image":"","background-repeat":"repeat","background-position":"center center","background-size":"auto","background-attachment":"scroll","background-type":"","background-media":"","overlay-type":"","overlay-color":"","overlay-opacity":"","overlay-gradient":""},"tablet":{"background-color":"","background-image":"","background-repeat":"repeat","background-position":"center center","background-size":"auto","background-attachment":"scroll","background-type":"","background-media":"","overlay-type":"","overlay-color":"","overlay-opacity":"","overlay-gradient":""},"mobile":{"background-color":"","background-image":"","background-repeat":"repeat","background-position":"center center","background-size":"auto","background-attachment":"scroll","background-type":"","background-media":"","overlay-type":"","overlay-color":"","overlay-opacity":"","overlay-gradient":""}},"ast-content-background-meta":{"desktop":{"background-color":"var(--ast-global-color-5)","background-image":"","background-repeat":"repeat","background-position":"center center","background-size":"auto","background-attachment":"scroll","background-type":"","background-media":"","overlay-type":"","overlay-color":"","overlay-opacity":"","overlay-gradient":""},"tablet":{"background-color":"var(--ast-global-color-5)","background-image":"","background-repeat":"repeat","background-position":"center center","background-size":"auto","background-attachment":"scroll","background-type":"","background-media":"","overlay-type":"","overlay-color":"","overlay-opacity":"","overlay-gradient":""},"mobile":{"background-color":"var(--ast-global-color-5)","background-image":"","background-repeat":"repeat","background-position":"center center","background-size":"auto","background-attachment":"scroll","background-type":"","background-media":"","overlay-type":"","overlay-color":"","overlay-opacity":"","overlay-gradient":""}},"footnotes":""},"class_list":["post-694","page","type-page","status-publish","hentry"],"_links":{"self":[{"href":"https:\/\/ofado.com\/en\/wp-json\/wp\/v2\/pages\/694","targetHints":{"allow":["GET"]}}],"collection":[{"href":"https:\/\/ofado.com\/en\/wp-json\/wp\/v2\/pages"}],"about":[{"href":"https:\/\/ofado.com\/en\/wp-json\/wp\/v2\/types\/page"}],"author":[{"embeddable":true,"href":"https:\/\/ofado.com\/en\/wp-json\/wp\/v2\/users\/1"}],"replies":[{"embeddable":true,"href":"https:\/\/ofado.com\/en\/wp-json\/wp\/v2\/comments?post=694"}],"version-history":[{"count":1,"href":"https:\/\/ofado.com\/en\/wp-json\/wp\/v2\/pages\/694\/revisions"}],"predecessor-version":[{"id":695,"href":"https:\/\/ofado.com\/en\/wp-json\/wp\/v2\/pages\/694\/revisions\/695"}],"wp:attachment":[{"href":"https:\/\/ofado.com\/en\/wp-json\/wp\/v2\/media?parent=694"}],"curies":[{"name":"wp","href":"https:\/\/api.w.org\/{rel}","templated":true}]}}