{"id":692,"date":"2021-10-20T13:37:00","date_gmt":"2021-10-20T13:37:00","guid":{"rendered":"https:\/\/ofado.site.loudzap.com\/patricia-costa\/"},"modified":"2021-10-20T13:37:01","modified_gmt":"2021-10-20T13:37:01","slug":"patricia-costa","status":"publish","type":"page","link":"https:\/\/ofado.com\/es\/patricia-costa\/","title":{"rendered":"Patricia Costa"},"content":{"rendered":"\t\t<div data-elementor-type=\"wp-page\" data-elementor-id=\"692\" class=\"elementor elementor-692 elementor-183\" data-elementor-post-type=\"page\">\n\t\t\t\t\t\t<section class=\"elementor-section elementor-top-section elementor-element elementor-element-34b74684 elementor-section-boxed elementor-section-height-default elementor-section-height-default\" data-id=\"34b74684\" data-element_type=\"section\" data-e-type=\"section\">\n\t\t\t\t\t\t<div class=\"elementor-container elementor-column-gap-no\">\n\t\t\t\t\t<div class=\"elementor-column elementor-col-50 elementor-top-column elementor-element elementor-element-17c0657\" data-id=\"17c0657\" data-element_type=\"column\" data-e-type=\"column\">\n\t\t\t<div class=\"elementor-widget-wrap elementor-element-populated\">\n\t\t\t\t\t\t<div class=\"elementor-element elementor-element-3fc8c363 elementor-widget elementor-widget-heading\" data-id=\"3fc8c363\" data-element_type=\"widget\" data-e-type=\"widget\" data-widget_type=\"heading.default\">\n\t\t\t\t<div class=\"elementor-widget-container\">\n\t\t\t\t\t<h1 class=\"elementor-heading-title elementor-size-default\">Patr\u00edcia Costa<\/h1>\t\t\t\t<\/div>\n\t\t\t\t<\/div>\n\t\t\t\t<div class=\"elementor-element elementor-element-35ee34e4 elementor-widget elementor-widget-text-editor\" data-id=\"35ee34e4\" data-element_type=\"widget\" data-e-type=\"widget\" data-widget_type=\"text-editor.default\">\n\t\t\t\t<div class=\"elementor-widget-container\">\n\t\t\t\t\t\t\t\t\t<p>Nacida en Guimar\u00e3es, Patr\u00edcia Costa creci\u00f3 escuchando m\u00fasica tradicional Portuguesa.<\/p>\n<p>Desde muy temprano que el Fado se apoder\u00f3 de su voz. Ella cant\u00f3 por la primera vez en p\u00fablico a los ocho a\u00f1os en el ya cerrado Teatro Jord\u00e3o, en su tierra natal, y a partir de ese momento particip\u00f3 en varios programas de radio y espect\u00e1culos en directo.<\/p>\n<p>Am\u00e1lia Rodrigues es su mayor referencia.<\/p>\n<p>Ella ha empezado sus estudios musicales cuando ten\u00eda nueve a\u00f1os en el Conservat\u00f3rio Regional de Vila Nova de Famalic\u00e3o\/Caldas da Sa\u00fade, donde ha concluido el Curso Complementario de Formaci\u00f3n Musical, con los instrumentos: Guitarra Cl\u00e1sica\/Guitarra (clase del Prof. \u00d3scar Flecha); y Canto (clase de las profesoras Cec\u00edlia Fontes y Ana Paula Matos).<\/p>\n<p>De su recorrido de formaci\u00f3n cl\u00e1sica se destaca la participaci\u00f3n, como solista, en el concierto \u201cM\u00fasica no Cora\u00e7\u00e3o\u201d con la Orquesta Juvenil de ARTAVE, en Junio de 2000 en el ya cerrado Cinema Ter\u00e7o, en Oporto; y la opereta \u201cA Vi\u00fava Alegre\u201d de Franz L\u00e9har, con la Orquesta ARTAVE dirigida por el maestro Manuel Ivo Cruz, llevada a escena en el F\u00f3rum da Maia en Mayo de 2001 y en la Casa das Artes de V. N. Famalic\u00e3o en Octubre del mismo a\u00f1o, una co-producci\u00f3n de la Companhia de \u00d3pera do Real Teatro de Queluz y del Centro de Cultura Musical.<br \/>\nElla a concluido el Curso Complementario de Formaci\u00f3n Musical en 2001.<\/p>\n<p>Desde 1994, se tiene presentado con regularidad en espect\u00e1culos fuera del pa\u00eds, nombradamente en Suiza\u2013 Gen\u00e9ve; Allemania \u2013 Feiburg y Gro\u03b2-Umstadt; Espa\u00f1a \u2013 Madrid y en varios lugares en Galicia; Finlandia \u2013 Helsinki; y \u00c1frica del Sur \u2013 Johannesburgo. De entre estas presentaciones se destacan 5 conciertos en Noviembre de 2007, en C\u00f3rcega, en el contexto del famoso festival \u201cRencontres Musicales de la M\u00e9diterran\u00e9e\u201d donde integr\u00f3 la representaci\u00f3n Portuguesa por invitaci\u00f3n de ESMAE (Escola Superior de M\u00fasica do Porto), actuando con su Cuarteto de Saxofones.<\/p>\n<p>Es licenciada en Enfermer\u00eda desde 2007.<\/p>\n<p>Desde 2009 integra el elenco de fadistas residentes en la casa de Fado \u201cO Fado\u201d, en Oporto, ciudad donde vive desde 2001.<\/p>\n<p>En 2010, edit\u00f3 su primero \u00e1lbum original, \u201cUm cantar velado e lento\u201d. Compuesto por trece temas, ella presenta varios in\u00e9ditos, cuatro de los cuales fueron compuestos especialmente para Patr\u00edcia Costa: \u201cBalada de Lisboa\u201d de Fontes Rocha con letra de Manuel Alegre; \u201cFado das Ondas\u201d de Andr\u00e9 Teixeira con las palabras de Jos\u00e9 Carlos Vasconcelos; \u201cGuitarras do meu Pa\u00eds\u201d y \u201cEm Todos os Jardins\u201d compuestos por Miguel Amaral para los poemas de Manuel Alegre y de Sophia de Mello Breyner Andresen, respectivamente.<\/p>\n<p>En Portugal, han sido ya varias las salas de referencia donde Patr\u00edcia Costa se present\u00f3: Casa da M\u00fasica, Coliseu do Porto, Pal\u00e1cio da Bolsa, Pal\u00e1cio do Freixo, Teatro Rivoli, Teatro S\u00e1 da Bandeira, y Casa das Artes de V. N. Famalic\u00e3o.<\/p>\n<p>Recientemente, ha hecho tres conciertos en el festival \u201cCais de Fado\u201d promovido por la Casa da M\u00fasica y por el Ayuntamiento de Gaia (Julio de 2014), y un concierto integrado en la tercera edici\u00f3n del ciclo \u201cFado no Museu\u201d (Agosto de 2014) en el Museu do Vinho do Porto promovido por el Ayuntamiento de Oporto; los dos siendo elogiados por la cr\u00edtica y con las entradas agotadas.<\/p>\n<p>Patr\u00edcia Costa es presencia confirmada en el Festival Caixa Ribeira, lo cual tendr\u00e1 lugar en la zona ribere\u00f1a de Oporto el 12 y 13 de Junio de 2015, donde actuar\u00e1 en un escenario inusitado y especial: un barco Rabelo en el r\u00edo Duero.<\/p>\n<p>Ella se encuentra en este momento preparando su segundo trabajo discogr\u00e1fico, un registro en directo donde la fadista presentar\u00e1 nuevo repertorio in\u00e9dito; algunos temas del folclore rural; y tambi\u00e9n va a recuperar el legado fadista de la Cidade Invicta (Ciudad Invicta) de las \u00faltimas d\u00e9cadas.<\/p>\n<p>Patr\u00edcia Costa fue a\u00fan invitada a integrar la pr\u00f3xima edici\u00f3n \u201cPorto timeless un \u00e1lbum de fotograf\u00eda as\u00ed como de texto po\u00e9tico de la co-autor\u00eda de Eug\u00e9nia Soares Lopes y de Markus Zuber (Edi\u00e7\u00f5es Afrontamento), en la cual en este volumen se han concentrado en retratos de individualidades de la ciudad de Oporto.<\/p>\n\t\t\t\t\t\t\t\t<\/div>\n\t\t\t\t<\/div>\n\t\t\t\t\t<\/div>\n\t\t<\/div>\n\t\t\t\t<div class=\"elementor-column elementor-col-50 elementor-top-column elementor-element elementor-element-13530c9e\" data-id=\"13530c9e\" data-element_type=\"column\" data-e-type=\"column\">\n\t\t\t<div class=\"elementor-widget-wrap elementor-element-populated\">\n\t\t\t\t\t\t<div class=\"elementor-element elementor-element-7d14efc0 elementor-widget elementor-widget-image\" data-id=\"7d14efc0\" data-element_type=\"widget\" data-e-type=\"widget\" data-widget_type=\"image.default\">\n\t\t\t\t<div class=\"elementor-widget-container\">\n\t\t\t\t\t\t\t\t\t\t\t\t\t\t\t<img fetchpriority=\"high\" decoding=\"async\" width=\"663\" height=\"663\" src=\"https:\/\/ofado.com\/wp-content\/uploads\/2021\/10\/patriciacosta.jpg\" class=\"attachment-large size-large wp-image-537\" alt=\"Patr\u00edcia Costa\" srcset=\"https:\/\/ofado.com\/wp-content\/uploads\/2021\/10\/patriciacosta.jpg 663w, https:\/\/ofado.com\/wp-content\/uploads\/2021\/10\/patriciacosta-300x300.jpg 300w, https:\/\/ofado.com\/wp-content\/uploads\/2021\/10\/patriciacosta-150x150.jpg 150w\" sizes=\"(max-width: 663px) 100vw, 663px\" \/>\t\t\t\t\t\t\t\t\t\t\t\t\t\t\t<\/div>\n\t\t\t\t<\/div>\n\t\t\t\t\t<\/div>\n\t\t<\/div>\n\t\t\t\t\t<\/div>\n\t\t<\/section>\n\t\t\t\t<\/div>\n\t\t","protected":false},"excerpt":{"rendered":"<p>Patr\u00edcia Costa Nacida en Guimar\u00e3es, Patr\u00edcia Costa creci\u00f3 escuchando m\u00fasica tradicional Portuguesa. Desde muy temprano que el Fado se apoder\u00f3 de su voz. Ella cant\u00f3 por la primera vez en p\u00fablico a los ocho a\u00f1os en el ya cerrado Teatro Jord\u00e3o, en su tierra natal, y a partir de ese momento particip\u00f3 en varios programas [&hellip;]<\/p>\n","protected":false},"author":1,"featured_media":0,"parent":0,"menu_order":0,"comment_status":"closed","ping_status":"closed","template":"","meta":{"_seopress_robots_primary_cat":"","_seopress_titles_title":"","_seopress_titles_desc":"","_seopress_robots_index":"","site-sidebar-layout":"no-sidebar","site-content-layout":"page-builder","ast-site-content-layout":"default","site-content-style":"default","site-sidebar-style":"default","ast-global-header-display":"","ast-banner-title-visibility":"","ast-main-header-display":"","ast-hfb-above-header-display":"","ast-hfb-below-header-display":"","ast-hfb-mobile-header-display":"","site-post-title":"disabled","ast-breadcrumbs-content":"","ast-featured-img":"disabled","footer-sml-layout":"","ast-disable-related-posts":"","theme-transparent-header-meta":"default","adv-header-id-meta":"","stick-header-meta":"","header-above-stick-meta":"","header-main-stick-meta":"","header-below-stick-meta":"","astra-migrate-meta-layouts":"default","ast-page-background-enabled":"default","ast-page-background-meta":{"desktop":{"background-color":"","background-image":"","background-repeat":"repeat","background-position":"center center","background-size":"auto","background-attachment":"scroll","background-type":"","background-media":"","overlay-type":"","overlay-color":"","overlay-opacity":"","overlay-gradient":""},"tablet":{"background-color":"","background-image":"","background-repeat":"repeat","background-position":"center center","background-size":"auto","background-attachment":"scroll","background-type":"","background-media":"","overlay-type":"","overlay-color":"","overlay-opacity":"","overlay-gradient":""},"mobile":{"background-color":"","background-image":"","background-repeat":"repeat","background-position":"center center","background-size":"auto","background-attachment":"scroll","background-type":"","background-media":"","overlay-type":"","overlay-color":"","overlay-opacity":"","overlay-gradient":""}},"ast-content-background-meta":{"desktop":{"background-color":"var(--ast-global-color-5)","background-image":"","background-repeat":"repeat","background-position":"center center","background-size":"auto","background-attachment":"scroll","background-type":"","background-media":"","overlay-type":"","overlay-color":"","overlay-opacity":"","overlay-gradient":""},"tablet":{"background-color":"var(--ast-global-color-5)","background-image":"","background-repeat":"repeat","background-position":"center center","background-size":"auto","background-attachment":"scroll","background-type":"","background-media":"","overlay-type":"","overlay-color":"","overlay-opacity":"","overlay-gradient":""},"mobile":{"background-color":"var(--ast-global-color-5)","background-image":"","background-repeat":"repeat","background-position":"center center","background-size":"auto","background-attachment":"scroll","background-type":"","background-media":"","overlay-type":"","overlay-color":"","overlay-opacity":"","overlay-gradient":""}},"footnotes":""},"class_list":["post-692","page","type-page","status-publish","hentry"],"_links":{"self":[{"href":"https:\/\/ofado.com\/es\/wp-json\/wp\/v2\/pages\/692","targetHints":{"allow":["GET"]}}],"collection":[{"href":"https:\/\/ofado.com\/es\/wp-json\/wp\/v2\/pages"}],"about":[{"href":"https:\/\/ofado.com\/es\/wp-json\/wp\/v2\/types\/page"}],"author":[{"embeddable":true,"href":"https:\/\/ofado.com\/es\/wp-json\/wp\/v2\/users\/1"}],"replies":[{"embeddable":true,"href":"https:\/\/ofado.com\/es\/wp-json\/wp\/v2\/comments?post=692"}],"version-history":[{"count":1,"href":"https:\/\/ofado.com\/es\/wp-json\/wp\/v2\/pages\/692\/revisions"}],"predecessor-version":[{"id":693,"href":"https:\/\/ofado.com\/es\/wp-json\/wp\/v2\/pages\/692\/revisions\/693"}],"wp:attachment":[{"href":"https:\/\/ofado.com\/es\/wp-json\/wp\/v2\/media?parent=692"}],"curies":[{"name":"wp","href":"https:\/\/api.w.org\/{rel}","templated":true}]}}