{"id":698,"date":"2021-10-20T13:38:40","date_gmt":"2021-10-20T13:38:40","guid":{"rendered":"https:\/\/ofado.site.loudzap.com\/antonio-laranja\/"},"modified":"2021-10-20T13:38:41","modified_gmt":"2021-10-20T13:38:41","slug":"antonio-laranja","status":"publish","type":"page","link":"https:\/\/ofado.com\/es\/antonio-laranja\/","title":{"rendered":"Ant\u00f3nio Laranja"},"content":{"rendered":"\t\t<div data-elementor-type=\"wp-page\" data-elementor-id=\"698\" class=\"elementor elementor-698 elementor-185\" data-elementor-post-type=\"page\">\n\t\t\t\t\t\t<section class=\"elementor-section elementor-top-section elementor-element elementor-element-35b0cf4a elementor-section-boxed elementor-section-height-default elementor-section-height-default\" data-id=\"35b0cf4a\" data-element_type=\"section\" data-e-type=\"section\">\n\t\t\t\t\t\t<div class=\"elementor-container elementor-column-gap-no\">\n\t\t\t\t\t<div class=\"elementor-column elementor-col-50 elementor-top-column elementor-element elementor-element-7105be93\" data-id=\"7105be93\" data-element_type=\"column\" data-e-type=\"column\">\n\t\t\t<div class=\"elementor-widget-wrap elementor-element-populated\">\n\t\t\t\t\t\t<div class=\"elementor-element elementor-element-184cb6a1 elementor-widget elementor-widget-heading\" data-id=\"184cb6a1\" data-element_type=\"widget\" data-e-type=\"widget\" data-widget_type=\"heading.default\">\n\t\t\t\t<div class=\"elementor-widget-container\">\n\t\t\t\t\t<h1 class=\"elementor-heading-title elementor-size-default\">Ant\u00f3nio Laranjeira<\/h1>\t\t\t\t<\/div>\n\t\t\t\t<\/div>\n\t\t\t\t<div class=\"elementor-element elementor-element-3d5c84a4 elementor-widget elementor-widget-text-editor\" data-id=\"3d5c84a4\" data-element_type=\"widget\" data-e-type=\"widget\" data-widget_type=\"text-editor.default\">\n\t\t\t\t<div class=\"elementor-widget-container\">\n\t\t\t\t\t\t\t\t\t<p>Ant\u00f3nio Laranjeira se ha distinguido como personaje ligado \u00e0 la poes\u00eda teniendo \u00faltimamente escrito para varios fadistas. Ana Moura mostr\u00f3 la poes\u00eda de Ant\u00f3nio Laranjeira al mundo con el poema \u201cVenho falar dos meus medos\u201d (\u201cVengo hablar de mis miedos\u201d) en la m\u00fasica del Fado Ac\u00e1cio (tradicional) con producci\u00f3n y arreglos de Jorge Fernando.<\/p>\n<p>En el Teatro, invitado por Filipe L\u00e1 F\u00e9ria, su eficaz y hasta por veces sorprendente desempe\u00f1o lo marc\u00f3 de una manera muy positiva en el Musical Am\u00e1lia, actuando en grandes palcos de la Europa as\u00ed como en Portugal, en el Coliseu dos Recreios y Teatro S\u00e3o Lu\u00eds, entre otros.<\/p>\n<p>Sin embargo, es como fadista que Ant\u00f3nio Laranjeira se tiene revelado y afirmado. Las casas de Fado m\u00e1s famosas como Marqu\u00eas da S\u00e9 y Senhor Vinho en Lisboa se han rendido \u00e0 la voz y presencia de Ant\u00f3nio Laranjeira. No obstante, el punto de encuentro frecuente entre la poes\u00eda y la voz del fadista es ahora el Restaurante O Fado en la ciudad de Oporto.<\/p>\n<p>LUZ \u2013 es el t\u00edtulo de su nuevo disco, inspirado en un viaje po\u00e9tico y musical recorriendo el Pa\u00eds acompa\u00f1ado por los enormes poetas y m\u00fasicos que hacen parte de los 15 Fados de esta edici\u00f3n. Vasco Gra\u00e7a Moura, Am\u00e1lia Rodrigues, Marla Amastor, Fernando Campos Castro y el propio fadista firman y se destacan en los poemas magistralmente musicalizados por Andr\u00e9 Teixeira, Manuel Reis, Susana Castro Santos, Manuel Mendes, Raul Ferr\u00e3o, Jos\u00e9 Ant\u00f3nio Sabrosa Alfredo Marceneiro y Rog\u00e9rio Ferreira, lo cual tambi\u00e9n dirigi\u00f3 y produjo musicalmente este trabajo fant\u00e1stico.<\/p>\n<p>En este nuevo \u00e1lbum, Pedro Barroso comparte con Ant\u00f3nio Laranjeira un tema de su vasta e incomparable obra musical, sorprendentemente adaptado para Fado, donde presta su voz transformando \u201cPorto Antigo\u201d en uno de los momentos musicales m\u00e1s impresionantes. La fuerza e la belleza de este disco resultan de la m\u00e1s pura y rec\u00edproca sensibilidad y entrega de todos los intervinientes, sobre todo del amor al Fado.<\/p>\n<p>Algunos de estos y otros Fados de ahora as\u00ed como de otros tiempos, tocados con maestr\u00eda y cantados con la emoci\u00f3n de quien siente y ama el Fado, pueden ser escuchados todas las noches en el Restaurante \u201cO Fado\u201d, la casa de Fado por excelencia de la ciudad de Oporto donde Ant\u00f3nio Laranjeira canta su Fado.<\/p>\n\t\t\t\t\t\t\t\t<\/div>\n\t\t\t\t<\/div>\n\t\t\t\t\t<\/div>\n\t\t<\/div>\n\t\t\t\t<div class=\"elementor-column elementor-col-50 elementor-top-column elementor-element elementor-element-741100c8\" data-id=\"741100c8\" data-element_type=\"column\" data-e-type=\"column\">\n\t\t\t<div class=\"elementor-widget-wrap elementor-element-populated\">\n\t\t\t\t\t\t<div class=\"elementor-element elementor-element-484ac142 elementor-widget elementor-widget-image\" data-id=\"484ac142\" data-element_type=\"widget\" data-e-type=\"widget\" data-widget_type=\"image.default\">\n\t\t\t\t<div class=\"elementor-widget-container\">\n\t\t\t\t\t\t\t\t\t\t\t\t\t\t\t<img fetchpriority=\"high\" decoding=\"async\" width=\"640\" height=\"634\" src=\"https:\/\/ofado.com\/wp-content\/uploads\/2021\/10\/Anto\u0301nio-Laranjeira-foto-capa-cd.jpg\" class=\"attachment-large size-large wp-image-655\" alt=\"Anto\u0301nio Laranjeira\" srcset=\"https:\/\/ofado.com\/wp-content\/uploads\/2021\/10\/Anto\u0301nio-Laranjeira-foto-capa-cd.jpg 640w, https:\/\/ofado.com\/wp-content\/uploads\/2021\/10\/Anto\u0301nio-Laranjeira-foto-capa-cd-300x297.jpg 300w, https:\/\/ofado.com\/wp-content\/uploads\/2021\/10\/Anto\u0301nio-Laranjeira-foto-capa-cd-150x150.jpg 150w\" sizes=\"(max-width: 640px) 100vw, 640px\" \/>\t\t\t\t\t\t\t\t\t\t\t\t\t\t\t<\/div>\n\t\t\t\t<\/div>\n\t\t\t\t<div class=\"elementor-element elementor-element-1d871bc elementor-shape-circle e-grid-align-left elementor-grid-0 elementor-widget elementor-widget-social-icons\" data-id=\"1d871bc\" data-element_type=\"widget\" data-e-type=\"widget\" data-widget_type=\"social-icons.default\">\n\t\t\t\t<div class=\"elementor-widget-container\">\n\t\t\t\t\t\t\t<div class=\"elementor-social-icons-wrapper elementor-grid\" role=\"list\">\n\t\t\t\t\t\t\t<span class=\"elementor-grid-item\" role=\"listitem\">\n\t\t\t\t\t<a class=\"elementor-icon elementor-social-icon elementor-social-icon-facebook elementor-repeater-item-3e6e17f\" href=\"https:\/\/www.facebook.com\/AntonioLaranjeiraFado\/?fref=ts\" target=\"_blank\">\n\t\t\t\t\t\t<span class=\"elementor-screen-only\">Facebook<\/span>\n\t\t\t\t\t\t<i aria-hidden=\"true\" class=\"fab fa-facebook\"><\/i>\t\t\t\t\t<\/a>\n\t\t\t\t<\/span>\n\t\t\t\t\t\t\t<span class=\"elementor-grid-item\" role=\"listitem\">\n\t\t\t\t\t<a class=\"elementor-icon elementor-social-icon elementor-social-icon-youtube elementor-repeater-item-7b67c8d\" href=\"https:\/\/www.youtube.com\/channel\/UCHfU3L7Jt1bY5TTcit6Z7Bg\" target=\"_blank\">\n\t\t\t\t\t\t<span class=\"elementor-screen-only\">Youtube<\/span>\n\t\t\t\t\t\t<i aria-hidden=\"true\" class=\"fab fa-youtube\"><\/i>\t\t\t\t\t<\/a>\n\t\t\t\t<\/span>\n\t\t\t\t\t<\/div>\n\t\t\t\t\t\t<\/div>\n\t\t\t\t<\/div>\n\t\t\t\t\t<\/div>\n\t\t<\/div>\n\t\t\t\t\t<\/div>\n\t\t<\/section>\n\t\t\t\t<\/div>\n\t\t","protected":false},"excerpt":{"rendered":"<p>Ant\u00f3nio Laranjeira Ant\u00f3nio Laranjeira se ha distinguido como personaje ligado \u00e0 la poes\u00eda teniendo \u00faltimamente escrito para varios fadistas. Ana Moura mostr\u00f3 la poes\u00eda de Ant\u00f3nio Laranjeira al mundo con el poema \u201cVenho falar dos meus medos\u201d (\u201cVengo hablar de mis miedos\u201d) en la m\u00fasica del Fado Ac\u00e1cio (tradicional) con producci\u00f3n y arreglos de Jorge [&hellip;]<\/p>\n","protected":false},"author":1,"featured_media":0,"parent":0,"menu_order":0,"comment_status":"closed","ping_status":"closed","template":"","meta":{"_seopress_robots_primary_cat":"","_seopress_titles_title":"","_seopress_titles_desc":"","_seopress_robots_index":"","site-sidebar-layout":"no-sidebar","site-content-layout":"page-builder","ast-site-content-layout":"default","site-content-style":"default","site-sidebar-style":"default","ast-global-header-display":"","ast-banner-title-visibility":"","ast-main-header-display":"","ast-hfb-above-header-display":"","ast-hfb-below-header-display":"","ast-hfb-mobile-header-display":"","site-post-title":"disabled","ast-breadcrumbs-content":"","ast-featured-img":"disabled","footer-sml-layout":"","ast-disable-related-posts":"","theme-transparent-header-meta":"default","adv-header-id-meta":"","stick-header-meta":"","header-above-stick-meta":"","header-main-stick-meta":"","header-below-stick-meta":"","astra-migrate-meta-layouts":"default","ast-page-background-enabled":"default","ast-page-background-meta":{"desktop":{"background-color":"","background-image":"","background-repeat":"repeat","background-position":"center center","background-size":"auto","background-attachment":"scroll","background-type":"","background-media":"","overlay-type":"","overlay-color":"","overlay-opacity":"","overlay-gradient":""},"tablet":{"background-color":"","background-image":"","background-repeat":"repeat","background-position":"center center","background-size":"auto","background-attachment":"scroll","background-type":"","background-media":"","overlay-type":"","overlay-color":"","overlay-opacity":"","overlay-gradient":""},"mobile":{"background-color":"","background-image":"","background-repeat":"repeat","background-position":"center center","background-size":"auto","background-attachment":"scroll","background-type":"","background-media":"","overlay-type":"","overlay-color":"","overlay-opacity":"","overlay-gradient":""}},"ast-content-background-meta":{"desktop":{"background-color":"var(--ast-global-color-5)","background-image":"","background-repeat":"repeat","background-position":"center center","background-size":"auto","background-attachment":"scroll","background-type":"","background-media":"","overlay-type":"","overlay-color":"","overlay-opacity":"","overlay-gradient":""},"tablet":{"background-color":"var(--ast-global-color-5)","background-image":"","background-repeat":"repeat","background-position":"center center","background-size":"auto","background-attachment":"scroll","background-type":"","background-media":"","overlay-type":"","overlay-color":"","overlay-opacity":"","overlay-gradient":""},"mobile":{"background-color":"var(--ast-global-color-5)","background-image":"","background-repeat":"repeat","background-position":"center center","background-size":"auto","background-attachment":"scroll","background-type":"","background-media":"","overlay-type":"","overlay-color":"","overlay-opacity":"","overlay-gradient":""}},"footnotes":""},"class_list":["post-698","page","type-page","status-publish","hentry"],"_links":{"self":[{"href":"https:\/\/ofado.com\/es\/wp-json\/wp\/v2\/pages\/698","targetHints":{"allow":["GET"]}}],"collection":[{"href":"https:\/\/ofado.com\/es\/wp-json\/wp\/v2\/pages"}],"about":[{"href":"https:\/\/ofado.com\/es\/wp-json\/wp\/v2\/types\/page"}],"author":[{"embeddable":true,"href":"https:\/\/ofado.com\/es\/wp-json\/wp\/v2\/users\/1"}],"replies":[{"embeddable":true,"href":"https:\/\/ofado.com\/es\/wp-json\/wp\/v2\/comments?post=698"}],"version-history":[{"count":1,"href":"https:\/\/ofado.com\/es\/wp-json\/wp\/v2\/pages\/698\/revisions"}],"predecessor-version":[{"id":699,"href":"https:\/\/ofado.com\/es\/wp-json\/wp\/v2\/pages\/698\/revisions\/699"}],"wp:attachment":[{"href":"https:\/\/ofado.com\/es\/wp-json\/wp\/v2\/media?parent=698"}],"curies":[{"name":"wp","href":"https:\/\/api.w.org\/{rel}","templated":true}]}}