{"id":690,"date":"2021-10-20T13:36:26","date_gmt":"2021-10-20T13:36:26","guid":{"rendered":"https:\/\/ofado.site.loudzap.com\/patricia-costa\/"},"modified":"2021-10-20T13:36:27","modified_gmt":"2021-10-20T13:36:27","slug":"patricia-costa","status":"publish","type":"page","link":"https:\/\/ofado.com\/fr\/patricia-costa\/","title":{"rendered":"Patricia Costa"},"content":{"rendered":"\t\t<div data-elementor-type=\"wp-page\" data-elementor-id=\"690\" class=\"elementor elementor-690 elementor-183\" data-elementor-post-type=\"page\">\n\t\t\t\t\t\t<section class=\"elementor-section elementor-top-section elementor-element elementor-element-34b74684 elementor-section-boxed elementor-section-height-default elementor-section-height-default\" data-id=\"34b74684\" data-element_type=\"section\" data-e-type=\"section\">\n\t\t\t\t\t\t<div class=\"elementor-container elementor-column-gap-no\">\n\t\t\t\t\t<div class=\"elementor-column elementor-col-50 elementor-top-column elementor-element elementor-element-17c0657\" data-id=\"17c0657\" data-element_type=\"column\" data-e-type=\"column\">\n\t\t\t<div class=\"elementor-widget-wrap elementor-element-populated\">\n\t\t\t\t\t\t<div class=\"elementor-element elementor-element-3fc8c363 elementor-widget elementor-widget-heading\" data-id=\"3fc8c363\" data-element_type=\"widget\" data-e-type=\"widget\" data-widget_type=\"heading.default\">\n\t\t\t\t<div class=\"elementor-widget-container\">\n\t\t\t\t\t<h1 class=\"elementor-heading-title elementor-size-default\">Patr\u00edcia Costa<\/h1>\t\t\t\t<\/div>\n\t\t\t\t<\/div>\n\t\t\t\t<div class=\"elementor-element elementor-element-35ee34e4 elementor-widget elementor-widget-text-editor\" data-id=\"35ee34e4\" data-element_type=\"widget\" data-e-type=\"widget\" data-widget_type=\"text-editor.default\">\n\t\t\t\t<div class=\"elementor-widget-container\">\n\t\t\t\t\t\t\t\t\t<p>N\u00e9e \u00e0 Guimar\u00e3es, Patr\u00edcia Costa a grandi en \u00e9coutant de la musique traditionnelle Portugaise.<\/p>\n<p>D\u00e8s une plus jeune \u00e2ge le Fado a pris compte de sa voix. Elle a chant\u00e9 pour la premi\u00e8re fois en public quand elle avait huit ans dans le d\u00e9j\u00e0 ferm\u00e9 Teatro Jord\u00e3o, dans sa localit\u00e9 d\u2019origine, en participant d\u00e8s ce moment-l\u00e0 dans des plusieurs programmes de radio et spectacles en live.<\/p>\n<p>Am\u00e1lia Rodrigues est sa plus grande r\u00e9f\u00e9rence.<\/p>\n<p>Ella a commenc\u00e9 ses \u00e9tudes musicaux quand elle avait neuf ans dans le Conservat\u00f3rio Regional de Vila Nova de Famalic\u00e3o\/Caldas da Sa\u00fade, o\u00f9 elle a conclu le Cours Compl\u00e9mentaire de Formation Musicale, avec les instruments: Guitare Classique\/Alto Cordes Pinc\u00e9es (classe du Prof. \u00d3scar Flecha); et Chant (classe des professeurs Cec\u00edlia Fontes et Ana Paula Matos).<\/p>\n<p>De son parcours de formation classique on peut d\u00e9tacher la participation, comme soliste, dans le concert \u201cM\u00fasica no Cora\u00e7\u00e3o\u201d avec l\u2019Orchestre des Jeunes d\u2019ARTAVE, le Juin de 2000 dans le d\u00e9j\u00e0 ferm\u00e9 Cinema Ter\u00e7o, \u00e0 Porto; et l\u2019op\u00e9rette \u201cA Vi\u00fava Alegre\u201d par Franz L\u00e9har, avec l\u2019Orchestre ARTAVE dirig\u00e9 par le maestro Manuel Ivo Cruz, mis en sc\u00e8ne au F\u00f3rum da Maia le May de 2001 et dans la Casa das Artes de V. N. Famalic\u00e3o l\u2019Octobre de la m\u00eame ann\u00e9e, une coproduction de la Companhia de \u00d3pera do Real Teatro de Queluz ainsi comme du Centro de Cultura Musical.<br \/>\nElle a conclu le Cours Compl\u00e9mentaire de Formation Musicale en 2001.<\/p>\n<p>Depuis 1994, elle s\u2019est r\u00e9guli\u00e8rement pr\u00e9sent\u00e9e dans des spectacles hors du pays, notamment en Suisse \u2013 Gen\u00e9ve; Allemagne \u2013 Feiburg et Gro\u03b2-Umstadt; Espagne \u2013 Madrid et dans des divers localisations en Galice; Finlande \u2013 Helsinki; et Afrique du Sud \u2013 Johannesburg. Parmi ces performances il est possible de d\u00e9tacher 5 concerts le Novembre de 2007, \u00e0 Corse, dans le contexte du fameux festival \u201cRencontres Musicales de la M\u00e9diterran\u00e9e\u201d o\u00f9 elle a int\u00e9gr\u00e9 la repr\u00e9sentation Portugaise \u00e0 l\u2019invitation d\u2019ESMAE (Escola Superior de M\u00fasica do Porto), en jouant avec son Quartet de Saxophones.<\/p>\n<p>Elle a un Dipl\u00f4me d\u2019Infirmi\u00e8re depuis 2007.<\/p>\n<p>Depuis 2009 qu\u2019elle fait partie du casting r\u00e9sident des chanteurs de Fado dans la maison de Fado \u201cO Fado\u201d, \u00e0 Porto, ville o\u00f9 elle habite depuis 2001.<\/p>\n<p>En 2010, elle a \u00e9dit\u00e9 son premier album original, \u201cUm cantar velado e lento\u201d. Compos\u00e9 par treize chansons, elle pr\u00e9sente des plusieurs originaux, quatre desquels ont \u00e9t\u00e9 compos\u00e9s sp\u00e9cialement pour Patr\u00edcia Costa: \u201cBalada de Lisboa\u201d de Fontes Rocha avec paroles de Manuel Alegre; \u201cFado das Ondas\u201d d\u2019Andr\u00e9 Teixeira avec les paroles de Jos\u00e9 Carlos Vasconcelos; \u201cGuitarras do meu Pa\u00eds\u201d et \u201cEm Todos os Jardins\u201d compos\u00e9s par Miguel Amaral pour les po\u00e8mes de Manuel Alegre et de Sophia de Mello Breyner Andresen, respectivement.<\/p>\n<p>Au Portugal, ils sont d\u00e9j\u00e0 nombreuses les salles de r\u00e9f\u00e9rence o\u00f9 Patr\u00edcia Costa s\u2019est pr\u00e9sent\u00e9e: Casa da M\u00fasica, Coliseu do Porto, Pal\u00e1cio da Bolsa, Pal\u00e1cio do Freixo, Teatro Rivoli, Teatro S\u00e1 da Bandeira, et Casa das Artes de V. N. Famalic\u00e3o.<br \/>\nR\u00e9cemment, elle a fait trois concerts dans le festival \u201cCais de Fado\u201d promu par Casa da M\u00fasica ainsi comme la Mairie de Gaia (Juillet de 2014), et un concert int\u00e9gr\u00e9 dans la troisi\u00e8me \u00e9dition du cycle \u201cFado no Museu\u201d (Ao\u00fbt de 2014) au Museu do Vinho do Porto promu par la Mairie du Porto; les deux en \u00e9tant vant\u00e9 par la critique et en ayant salle comble.<\/p>\n<p>Patr\u00edcia Costa a confirm\u00e9 sa pr\u00e9sence dans le Festival Caixa Ribeira, lequel aura place dans la zone riveraine du Porto le 12 et 13 Juin de 2015, o\u00f9 elle aura son performance dans un environnement inhabituelle ainsi comme sp\u00e9ciale: un Rabelo dans le Douro.<\/p>\n<p>Elle est \u00e0 ce-moment l\u00e0 en train de pr\u00e9parer son deuxi\u00e8me album: un registre en live o\u00f9 la chanteuse de Fado pr\u00e9sentera son nouveau r\u00e9pertoire original; quelques th\u00e8mes en concernant le folklore rural; et o\u00f9 elle va aussi r\u00e9cup\u00e9rer l\u2019h\u00e9ritage du Fado de la Cidade Invicta (Cit\u00e9 Unvaincue) des derni\u00e8res d\u00e9cennies.<\/p>\n<p>Patr\u00edcia Costa a \u00e9t\u00e9 aussi invit\u00e9 \u00e0 int\u00e9grer la prochaine \u00e9dition de \u201cPorto timeless un album de photos ainsi comme un texte po\u00e9tique de coparticipation d\u2019Eug\u00e9nia Soares Lopes et Markus Zuber (Edi\u00e7\u00f5es Afrontamento), laquelle dans ce volume s\u2019est concentr\u00e9e dans des portraits des individualit\u00e9s de la ville de Porto.<\/p>\n\t\t\t\t\t\t\t\t<\/div>\n\t\t\t\t<\/div>\n\t\t\t\t\t<\/div>\n\t\t<\/div>\n\t\t\t\t<div class=\"elementor-column elementor-col-50 elementor-top-column elementor-element elementor-element-13530c9e\" data-id=\"13530c9e\" data-element_type=\"column\" data-e-type=\"column\">\n\t\t\t<div class=\"elementor-widget-wrap elementor-element-populated\">\n\t\t\t\t\t\t<div class=\"elementor-element elementor-element-7d14efc0 elementor-widget elementor-widget-image\" data-id=\"7d14efc0\" data-element_type=\"widget\" data-e-type=\"widget\" data-widget_type=\"image.default\">\n\t\t\t\t<div class=\"elementor-widget-container\">\n\t\t\t\t\t\t\t\t\t\t\t\t\t\t\t<img fetchpriority=\"high\" decoding=\"async\" width=\"663\" height=\"663\" src=\"https:\/\/ofado.com\/wp-content\/uploads\/2021\/10\/patriciacosta.jpg\" class=\"attachment-large size-large wp-image-536\" alt=\"Patr\u00edcia Costa\" srcset=\"https:\/\/ofado.com\/wp-content\/uploads\/2021\/10\/patriciacosta.jpg 663w, https:\/\/ofado.com\/wp-content\/uploads\/2021\/10\/patriciacosta-300x300.jpg 300w, https:\/\/ofado.com\/wp-content\/uploads\/2021\/10\/patriciacosta-150x150.jpg 150w\" sizes=\"(max-width: 663px) 100vw, 663px\" \/>\t\t\t\t\t\t\t\t\t\t\t\t\t\t\t<\/div>\n\t\t\t\t<\/div>\n\t\t\t\t\t<\/div>\n\t\t<\/div>\n\t\t\t\t\t<\/div>\n\t\t<\/section>\n\t\t\t\t<\/div>\n\t\t","protected":false},"excerpt":{"rendered":"<p>Patr\u00edcia Costa N\u00e9e \u00e0 Guimar\u00e3es, Patr\u00edcia Costa a grandi en \u00e9coutant de la musique traditionnelle Portugaise. D\u00e8s une plus jeune \u00e2ge le Fado a pris compte de sa voix. Elle a chant\u00e9 pour la premi\u00e8re fois en public quand elle avait huit ans dans le d\u00e9j\u00e0 ferm\u00e9 Teatro Jord\u00e3o, dans sa localit\u00e9 d\u2019origine, en participant [&hellip;]<\/p>\n","protected":false},"author":1,"featured_media":0,"parent":0,"menu_order":0,"comment_status":"closed","ping_status":"closed","template":"","meta":{"_seopress_robots_primary_cat":"","_seopress_titles_title":"","_seopress_titles_desc":"","_seopress_robots_index":"","site-sidebar-layout":"no-sidebar","site-content-layout":"page-builder","ast-site-content-layout":"default","site-content-style":"default","site-sidebar-style":"default","ast-global-header-display":"","ast-banner-title-visibility":"","ast-main-header-display":"","ast-hfb-above-header-display":"","ast-hfb-below-header-display":"","ast-hfb-mobile-header-display":"","site-post-title":"disabled","ast-breadcrumbs-content":"","ast-featured-img":"disabled","footer-sml-layout":"","ast-disable-related-posts":"","theme-transparent-header-meta":"default","adv-header-id-meta":"","stick-header-meta":"","header-above-stick-meta":"","header-main-stick-meta":"","header-below-stick-meta":"","astra-migrate-meta-layouts":"default","ast-page-background-enabled":"default","ast-page-background-meta":{"desktop":{"background-color":"","background-image":"","background-repeat":"repeat","background-position":"center center","background-size":"auto","background-attachment":"scroll","background-type":"","background-media":"","overlay-type":"","overlay-color":"","overlay-opacity":"","overlay-gradient":""},"tablet":{"background-color":"","background-image":"","background-repeat":"repeat","background-position":"center center","background-size":"auto","background-attachment":"scroll","background-type":"","background-media":"","overlay-type":"","overlay-color":"","overlay-opacity":"","overlay-gradient":""},"mobile":{"background-color":"","background-image":"","background-repeat":"repeat","background-position":"center center","background-size":"auto","background-attachment":"scroll","background-type":"","background-media":"","overlay-type":"","overlay-color":"","overlay-opacity":"","overlay-gradient":""}},"ast-content-background-meta":{"desktop":{"background-color":"var(--ast-global-color-5)","background-image":"","background-repeat":"repeat","background-position":"center center","background-size":"auto","background-attachment":"scroll","background-type":"","background-media":"","overlay-type":"","overlay-color":"","overlay-opacity":"","overlay-gradient":""},"tablet":{"background-color":"var(--ast-global-color-5)","background-image":"","background-repeat":"repeat","background-position":"center center","background-size":"auto","background-attachment":"scroll","background-type":"","background-media":"","overlay-type":"","overlay-color":"","overlay-opacity":"","overlay-gradient":""},"mobile":{"background-color":"var(--ast-global-color-5)","background-image":"","background-repeat":"repeat","background-position":"center center","background-size":"auto","background-attachment":"scroll","background-type":"","background-media":"","overlay-type":"","overlay-color":"","overlay-opacity":"","overlay-gradient":""}},"footnotes":""},"class_list":["post-690","page","type-page","status-publish","hentry"],"_links":{"self":[{"href":"https:\/\/ofado.com\/fr\/wp-json\/wp\/v2\/pages\/690","targetHints":{"allow":["GET"]}}],"collection":[{"href":"https:\/\/ofado.com\/fr\/wp-json\/wp\/v2\/pages"}],"about":[{"href":"https:\/\/ofado.com\/fr\/wp-json\/wp\/v2\/types\/page"}],"author":[{"embeddable":true,"href":"https:\/\/ofado.com\/fr\/wp-json\/wp\/v2\/users\/1"}],"replies":[{"embeddable":true,"href":"https:\/\/ofado.com\/fr\/wp-json\/wp\/v2\/comments?post=690"}],"version-history":[{"count":1,"href":"https:\/\/ofado.com\/fr\/wp-json\/wp\/v2\/pages\/690\/revisions"}],"predecessor-version":[{"id":691,"href":"https:\/\/ofado.com\/fr\/wp-json\/wp\/v2\/pages\/690\/revisions\/691"}],"wp:attachment":[{"href":"https:\/\/ofado.com\/fr\/wp-json\/wp\/v2\/media?parent=690"}],"curies":[{"name":"wp","href":"https:\/\/api.w.org\/{rel}","templated":true}]}}